{"id":807,"date":"2023-06-06T12:23:16","date_gmt":"2023-06-06T15:23:16","guid":{"rendered":"https:\/\/amazonia.museujudaicosp.org.br\/pesquisa\/"},"modified":"2023-08-22T14:57:01","modified_gmt":"2023-08-22T17:57:01","slug":"research","status":"publish","type":"page","link":"https:\/\/amazonia.museujudaicosp.org.br\/en\/research\/","title":{"rendered":"Research"},"content":{"rendered":"<div class=\"wpb-content-wrapper\">[vc_row thb_full_width=&#8221;true&#8221; thb_column_padding=&#8221;true&#8221; css=&#8221;.vc_custom_1687212130879{padding-top: 45vh !important;}&#8221; el_class=&#8221;align-center&#8221;][vc_column width=&#8221;1\/2&#8243; css=&#8221;.vc_custom_1687211857766{padding-right: 30px !important;padding-left: 30px !important;}&#8221;][vc_column_text]\n<h1><b>Judeus na Amaz\u00f4nia:<br \/>\npara saber mais<\/b><\/h1>\n[\/vc_column_text][vc_column_text]<i><span style=\"font-weight: 400;\">Uma lista de artigos, livros, filmes e sites<\/span><\/i> <i><span style=\"font-weight: 400;\">para quem quer se aprofundar no assunto<\/span><\/i><\/p>\n<p><i><span style=\"font-weight: 400;\">Conhece outras refer\u00eancias que n\u00e3o est\u00e3o na lista e quer dividir conosco? Mande um email para <\/span><\/i><a href=\"mailto:amazonia@museujudaicosp.org.br\" target=\"_blank\" rel=\"noopener\"><strong><i>amazonia@museujudaicosp.org.br<\/i><\/strong><\/a>[\/vc_column_text][\/vc_column][\/vc_row][vc_row thb_full_width=&#8221;true&#8221; thb_column_padding=&#8221;true&#8221; css=&#8221;.vc_custom_1689363431756{padding-top: 3vh !important;}&#8221; el_class=&#8221;align-center&#8221;][vc_column width=&#8221;1\/2&#8243; css=&#8221;.vc_custom_1689618413695{padding-right: 30px !important;padding-left: 30px !important;}&#8221; el_id=&#8221;linksam&#8221;]\t<div id=\"thb-accordion-69e4b418c7c4a\" class=\"thb-accordion style1 \" data-scroll=\"true\" data-index=\"0\">\n\t\t[vc_tta_section title=&#8221;HIST\u00d3RIA \/ SOCIOLOGIA \/ ESTUDOS CULTURAIS&#8221; tab_id=&#8221;cultura&#8221;][vc_column_text]BENCHIMOL, Samuel. <em>Judeus no Ciclo da Borrach<\/em>a. Anais do I Encontro Brasileiro de Estudos Judaicos\/UFRJ. Manaus: Edi\u00e7\u00f5es Xerox, 1994.<\/p>\n<p>BENCHIMOL, Samuel. <em>Eretz Amaz\u00f4nia os judeus na Amaz\u00f4nia<\/em>. Manaus: Valer, 1998.<\/p>\n<p>BENTES, Abraham Ramiro. <em>Das ru\u00ednas de Jerusal\u00e9m \u00e0 verdejante Amaz\u00f4nia;\u00a0<\/em><em>A Primeira Comunidade Israelita Brasileira; Os Sefaradis e a Hakitia<\/em>. Rio de Janeiro: Bloch, 1989.<\/p>\n<p>FABIO, Fabiana Gomes. <em>Judeus em \u00d3bidos, na Amaz\u00f4nia: Imigra\u00e7\u00e3o, Hist\u00f3ria e Ressignifica\u00e7\u00e3o<\/em>. Jundia\u00ed: Paco Editorial, 2023.<em>\u00a0<\/em><\/p>\n<p>GOIFMAN, Felipe. <em>Hakitia <\/em>&#8211; <em>Amaz\u00f4nia Hebraica<\/em>. Rio de Janeiro: FGR Editora, 2022.<em>\u00a0<\/em><\/p>\n<p>LIBERMAN, Maria. <em>Judeus na Amaz\u00f4nia brasileira<\/em>. Tese de Doutorado apresentada ao Programa de P\u00f3s-Gradua\u00e7\u00e3o em Hist\u00f3ria Social, FFLCH\/USP, 1990.<\/p>\n<p>ROSENBLATT, Sultana Levy. <em>Como viemos parar na Amaz\u00f4nia<\/em>. Centro Israelita do Par\u00e1, 9 maio 2008. Dispon\u00edvel <a href=\"https:\/\/www.amazoniajudaica.com.br\/2019\/08\/22\/como-viemos-parar-na-amazonia\/\" target=\"_blank\" rel=\"noopener\">aqui<\/a><\/p>\n<p>TUCCI CARNEIRO, Maria Luiza: \u201cJudeus-caboclos da Amaz\u00f4nia\u201d in <em>Arquivo Maaravi: Revista Digital De Estudos Judaicos da UFMG<\/em>, <em>15<\/em>(29), 60\u201387. Dispon\u00edvel <a href=\"https:\/\/periodicos.ufmg.br\/index.php\/maaravi\/article\/view\/35930\" target=\"_blank\" rel=\"noopener\">aqui<\/a>[\/vc_column_text][\/vc_tta_section][vc_tta_section title=&#8221;FIC\u00c7\u00c3O\/ OBRAS LITER\u00c1RIAS&#8221; tab_id=&#8221;literatura&#8221;][vc_column_text]HATOUM, Milton. <em>Dois irma\u0303os<\/em>. Sa\u0303o Paulo: Companhia das Letras, 2006.<\/p>\n<p>HATOUM, Milton. <em>O\u0301rfa\u0303os do Eldorado<\/em>. Sa\u0303o Paulo: Companhia das Letras, 2008. (Colec\u0327a\u0303o Mitos).<\/p>\n<p>HATOUM, Milton. <em>Relato de um certo Oriente<\/em>. Sa\u0303o Paulo: Companhia das Letras, 2008.<\/p>\n<p>JACOB, Paulo.<em> Um peda\u00e7o de lua ca\u00eda na mata. <\/em>Rio de Janeiro: Editorial N\u00f3rdica, 1990.<\/p>\n<p>MINEV, Ilko. <em>Onde est\u00e3o as flores?. <\/em>S\u00e3o Paulo: Buzz Editora, 2021.<\/p>\n<p>MINEV, Ilko. <em>A Filha dos rios. <\/em>S\u00e3o Paulo: Buzz Editora, 2021.<\/p>\n<p>SALGADO, Elias. <em>O fim do mundo e outras histo\u0301rias de beira-rio. <\/em>Rio de Janeiro: Talu\u0301 Cultural, 2015[\/vc_column_text][\/vc_tta_section][vc_tta_section title=&#8221;CR\u00cdTICA LITER\u00c1RIA&#8221; tab_id=&#8221;criticaliteraria&#8221;][vc_column_text]Literatura Judaica da Amaz\u00f4nia &#8211; V.15 n.29 (2021) &#8211; ARQUIVO MAARAVI &#8211; Revista Digital de Estudos Judaicos da UFMG. Dispon\u00edvel <a href=\"https:\/\/periodicos.ufmg.br\/index.php\/maaravi\/issue\/view\/1793\" target=\"_blank\" rel=\"noopener\">aqui<\/a><\/p>\n<p>SILVA, A. F. C. da . <em>Ismael e Isaque irmanados: os judeus nos romances de Milton Hatoum<\/em>. Revista de Estudos Orientais, <em>[S. l.]<\/em>, n. 9, p. 79-91, 2021. DOI: 10.11606\/issn.2763-650X.i9p79-91. Dispon\u00edvel <a href=\"https:\/\/www.revistas.usp.br\/reo\/article\/view\/188270\" target=\"_blank\" rel=\"noopener\">aqui<\/a>[\/vc_column_text][\/vc_tta_section][vc_tta_section title=&#8221;CINEMA E AUDIOVISUAL&#8221; tab_id=&#8221;cinemaaudiovisual&#8221;][vc_column_text]<em>Amaz\u00f4nia Hebraica &#8211; O Rio dos Cohen. <\/em>Dire\u00e7\u00e3o: Felipe Goifman. Dispon\u00edvel <a href=\"https:\/\/www.youtube.com\/watch?v=YVWefYGNndQ&amp;t=8s\" target=\"_blank\" rel=\"noopener\">aqui<\/a><\/p>\n<p><em>Eretz Amaz\u00f4nia<\/em>. Dire\u00e7\u00e3o: David Salgado e Alan Rodrigues. 2005 Dispon\u00edvel <a href=\"https:\/\/www.youtube.com\/watch?v=GxPt4JJokCE\" target=\"_blank\" rel=\"noopener\">aqui<\/a>[\/vc_column_text][\/vc_tta_section][vc_tta_section title=&#8221;SITES, PERFIS E PLATAFORMAS DIGITAIS&#8221; tab_id=&#8221;digital&#8221;][vc_column_text]Portal <a href=\"https:\/\/www.amazoniajudaica.com.br\/\" target=\"_blank\" rel=\"noopener\">Amaz\u00f4nia Judaica\u00a0<\/a><\/p>\n<p>Podcast <em>\u00a0<\/em><em>E eu com isso?<\/em> <a href=\"https:\/\/open.spotify.com\/episode\/6x9r7Hy5ZUTuw9j3SAqsJ7?si=frr2LMifQAiiSDie1Zesxw\" target=\"_blank\" rel=\"noopener\">Epis\u00f3dio 104\u00a0 &#8211;\u00a0 Imigra\u00e7\u00e3o judaica: Marroquinos na Amaz\u00f4nia<\/a> &#8211; Instituto Brasil-Israel, apresentado por Anita Efraim e Amanda Hatzyrah.<\/p>\n<p>Perfil no instagram <a href=\"https:\/\/www.instagram.com\/judeus_da_amazonia\/\" target=\"_blank\" rel=\"noopener\">@judeus_da_amazonia <\/a>administrado por Iria Chocron.[\/vc_column_text][\/vc_tta_section]\t<\/div>\n\t[\/vc_column][\/vc_row][vc_row thb_full_width=&#8221;true&#8221; thb_row_padding=&#8221;true&#8221; thb_column_padding=&#8221;true&#8221; css=&#8221;.vc_custom_1687212165378{background-position: center !important;background-repeat: no-repeat !important;background-size: cover !important;}&#8221;][vc_column css=&#8221;.vc_custom_1686923728010{padding-right: 30px !important;padding-left: 30px !important;}&#8221;][vc_empty_space mobile_height=&#8221;45px&#8221; height=&#8221;200px&#8221;][\/vc_column][\/vc_row]\n<\/div>","protected":false},"excerpt":{"rendered":"<p>[vc_row thb_full_width=&#8221;true&#8221; thb_column_padding=&#8221;true&#8221; css=&#8221;.vc_custom_1687212130879{padding-top: 45vh !important;}&#8221; el_class=&#8221;align-center&#8221;][vc_column width=&#8221;1\/2&#8243; css=&#8221;.vc_custom_1687211857766{padding-right: 30px !important;padding-left: 30px !important;}&#8221;][vc_column_text] Judeus na Amaz\u00f4nia: para saber mais [\/vc_column_text][vc_column_text]Uma lista de artigos, livros, filmes e sites para quem quer se aprofundar no assunto Conhece outras refer\u00eancias que n\u00e3o est\u00e3o na lista e quer dividir conosco? Mande um email para amazonia@museujudaicosp.org.br[\/vc_column_text][\/vc_column][\/vc_row][vc_row thb_full_width=&#8221;true&#8221; thb_column_padding=&#8221;true&#8221; css=&#8221;.vc_custom_1689363431756{padding-top: 3vh&hellip;<\/p>\n","protected":false},"author":1,"featured_media":0,"parent":0,"menu_order":0,"comment_status":"closed","ping_status":"closed","template":"","meta":{"footnotes":""},"class_list":["post-807","page","type-page","status-publish","hentry"],"yoast_head":"<!-- This site is optimized with the Yoast SEO plugin v26.4 - https:\/\/yoast.com\/wordpress\/plugins\/seo\/ -->\n<title>Research - Judeus na Amaz\u00f4nia<\/title>\n<meta name=\"robots\" content=\"index, follow, max-snippet:-1, max-image-preview:large, max-video-preview:-1\" \/>\n<link rel=\"canonical\" href=\"https:\/\/amazonia.museujudaicosp.org.br\/en\/research\/\" \/>\n<meta property=\"og:locale\" content=\"en_US\" \/>\n<meta property=\"og:type\" content=\"article\" \/>\n<meta property=\"og:title\" content=\"Research - Judeus na Amaz\u00f4nia\" \/>\n<meta property=\"og:description\" content=\"[vc_row thb_full_width=&#8221;true&#8221; thb_column_padding=&#8221;true&#8221; css=&#8221;.vc_custom_1687212130879{padding-top: 45vh !important;}&#8221; el_class=&#8221;align-center&#8221;][vc_column width=&#8221;1\/2&#8243; css=&#8221;.vc_custom_1687211857766{padding-right: 30px !important;padding-left: 30px !important;}&#8221;][vc_column_text] Judeus na Amaz\u00f4nia: para saber mais [\/vc_column_text][vc_column_text]Uma lista de artigos, livros, filmes e sites para quem quer se aprofundar no assunto Conhece outras refer\u00eancias que n\u00e3o est\u00e3o na lista e quer dividir conosco? Mande um email para amazonia@museujudaicosp.org.br[\/vc_column_text][\/vc_column][\/vc_row][vc_row thb_full_width=&#8221;true&#8221; thb_column_padding=&#8221;true&#8221; css=&#8221;.vc_custom_1689363431756{padding-top: 3vh&hellip;\" \/>\n<meta property=\"og:url\" content=\"https:\/\/amazonia.museujudaicosp.org.br\/en\/research\/\" \/>\n<meta property=\"og:site_name\" content=\"Judeus na Amaz\u00f4nia\" \/>\n<meta property=\"article:publisher\" content=\"https:\/\/www.facebook.com\/museujudaicosp\/\" \/>\n<meta property=\"article:modified_time\" content=\"2023-08-22T17:57:01+00:00\" \/>\n<meta property=\"og:image\" content=\"https:\/\/amazonia.museujudaicosp.org.br\/wp-content\/uploads\/2023\/06\/BKMAO-60-2.webp\" \/>\n\t<meta property=\"og:image:width\" content=\"1500\" \/>\n\t<meta property=\"og:image:height\" content=\"1125\" \/>\n\t<meta property=\"og:image:type\" content=\"image\/webp\" \/>\n<meta name=\"twitter:card\" content=\"summary_large_image\" \/>\n<meta name=\"twitter:site\" content=\"@MuseuJudaicoSP\" \/>\n<meta name=\"twitter:label1\" content=\"Est. reading time\" \/>\n\t<meta name=\"twitter:data1\" content=\"3 minutes\" \/>\n<script type=\"application\/ld+json\" class=\"yoast-schema-graph\">{\"@context\":\"https:\/\/schema.org\",\"@graph\":[{\"@type\":\"WebPage\",\"@id\":\"https:\/\/amazonia.museujudaicosp.org.br\/en\/research\/\",\"url\":\"https:\/\/amazonia.museujudaicosp.org.br\/en\/research\/\",\"name\":\"Research - Judeus na Amaz\u00f4nia\",\"isPartOf\":{\"@id\":\"https:\/\/amazonia.museujudaicosp.org.br\/en\/#website\"},\"datePublished\":\"2023-06-06T15:23:16+00:00\",\"dateModified\":\"2023-08-22T17:57:01+00:00\",\"breadcrumb\":{\"@id\":\"https:\/\/amazonia.museujudaicosp.org.br\/en\/research\/#breadcrumb\"},\"inLanguage\":\"en-US\",\"potentialAction\":[{\"@type\":\"ReadAction\",\"target\":[\"https:\/\/amazonia.museujudaicosp.org.br\/en\/research\/\"]}]},{\"@type\":\"BreadcrumbList\",\"@id\":\"https:\/\/amazonia.museujudaicosp.org.br\/en\/research\/#breadcrumb\",\"itemListElement\":[{\"@type\":\"ListItem\",\"position\":1,\"name\":\"In\u00edcio\",\"item\":\"https:\/\/amazonia.museujudaicosp.org.br\/en\/home\/\"},{\"@type\":\"ListItem\",\"position\":2,\"name\":\"Research\"}]},{\"@type\":\"WebSite\",\"@id\":\"https:\/\/amazonia.museujudaicosp.org.br\/en\/#website\",\"url\":\"https:\/\/amazonia.museujudaicosp.org.br\/en\/\",\"name\":\"Judeus na Amaz\u00f4nia\",\"description\":\"Museu Judaico de S\u00e3o Paulo\",\"publisher\":{\"@id\":\"https:\/\/amazonia.museujudaicosp.org.br\/en\/#organization\"},\"alternateName\":\"Museu Judaico de S\u00e3o Paulo\",\"potentialAction\":[{\"@type\":\"SearchAction\",\"target\":{\"@type\":\"EntryPoint\",\"urlTemplate\":\"https:\/\/amazonia.museujudaicosp.org.br\/en\/?s={search_term_string}\"},\"query-input\":{\"@type\":\"PropertyValueSpecification\",\"valueRequired\":true,\"valueName\":\"search_term_string\"}}],\"inLanguage\":\"en-US\"},{\"@type\":\"Organization\",\"@id\":\"https:\/\/amazonia.museujudaicosp.org.br\/en\/#organization\",\"name\":\"Museu Judaico de S\u00e3o Paulo\",\"alternateName\":\"Museu Judaico de S\u00e3o Paulo\",\"url\":\"https:\/\/amazonia.museujudaicosp.org.br\/en\/\",\"logo\":{\"@type\":\"ImageObject\",\"inLanguage\":\"en-US\",\"@id\":\"https:\/\/amazonia.museujudaicosp.org.br\/en\/#\/schema\/logo\/image\/\",\"url\":\"https:\/\/amazonia.museujudaicosp.org.br\/wp-content\/uploads\/2023\/06\/judeusamazonia-1.png\",\"contentUrl\":\"https:\/\/amazonia.museujudaicosp.org.br\/wp-content\/uploads\/2023\/06\/judeusamazonia-1.png\",\"width\":1000,\"height\":640,\"caption\":\"Museu Judaico de S\u00e3o Paulo\"},\"image\":{\"@id\":\"https:\/\/amazonia.museujudaicosp.org.br\/en\/#\/schema\/logo\/image\/\"},\"sameAs\":[\"https:\/\/www.facebook.com\/museujudaicosp\/\",\"https:\/\/x.com\/MuseuJudaicoSP\",\"https:\/\/www.youtube.com\/c\/MuseuJudaicodeSoPaulo\",\"https:\/\/www.linkedin.com\/company\/museu-judaico-de-so-paulo\/\",\"https:\/\/www.instagram.com\/museujudaicosp\/\"]}]}<\/script>\n<!-- \/ Yoast SEO plugin. -->","yoast_head_json":{"title":"Research - Judeus na Amaz\u00f4nia","robots":{"index":"index","follow":"follow","max-snippet":"max-snippet:-1","max-image-preview":"max-image-preview:large","max-video-preview":"max-video-preview:-1"},"canonical":"https:\/\/amazonia.museujudaicosp.org.br\/en\/research\/","og_locale":"en_US","og_type":"article","og_title":"Research - Judeus na Amaz\u00f4nia","og_description":"[vc_row thb_full_width=&#8221;true&#8221; thb_column_padding=&#8221;true&#8221; css=&#8221;.vc_custom_1687212130879{padding-top: 45vh !important;}&#8221; el_class=&#8221;align-center&#8221;][vc_column width=&#8221;1\/2&#8243; css=&#8221;.vc_custom_1687211857766{padding-right: 30px !important;padding-left: 30px !important;}&#8221;][vc_column_text] Judeus na Amaz\u00f4nia: para saber mais [\/vc_column_text][vc_column_text]Uma lista de artigos, livros, filmes e sites para quem quer se aprofundar no assunto Conhece outras refer\u00eancias que n\u00e3o est\u00e3o na lista e quer dividir conosco? Mande um email para amazonia@museujudaicosp.org.br[\/vc_column_text][\/vc_column][\/vc_row][vc_row thb_full_width=&#8221;true&#8221; thb_column_padding=&#8221;true&#8221; css=&#8221;.vc_custom_1689363431756{padding-top: 3vh&hellip;","og_url":"https:\/\/amazonia.museujudaicosp.org.br\/en\/research\/","og_site_name":"Judeus na Amaz\u00f4nia","article_publisher":"https:\/\/www.facebook.com\/museujudaicosp\/","article_modified_time":"2023-08-22T17:57:01+00:00","og_image":[{"width":1500,"height":1125,"url":"https:\/\/amazonia.museujudaicosp.org.br\/wp-content\/uploads\/2023\/06\/BKMAO-60-2.webp","type":"image\/webp"}],"twitter_card":"summary_large_image","twitter_site":"@MuseuJudaicoSP","twitter_misc":{"Est. reading time":"3 minutes"},"schema":{"@context":"https:\/\/schema.org","@graph":[{"@type":"WebPage","@id":"https:\/\/amazonia.museujudaicosp.org.br\/en\/research\/","url":"https:\/\/amazonia.museujudaicosp.org.br\/en\/research\/","name":"Research - Judeus na Amaz\u00f4nia","isPartOf":{"@id":"https:\/\/amazonia.museujudaicosp.org.br\/en\/#website"},"datePublished":"2023-06-06T15:23:16+00:00","dateModified":"2023-08-22T17:57:01+00:00","breadcrumb":{"@id":"https:\/\/amazonia.museujudaicosp.org.br\/en\/research\/#breadcrumb"},"inLanguage":"en-US","potentialAction":[{"@type":"ReadAction","target":["https:\/\/amazonia.museujudaicosp.org.br\/en\/research\/"]}]},{"@type":"BreadcrumbList","@id":"https:\/\/amazonia.museujudaicosp.org.br\/en\/research\/#breadcrumb","itemListElement":[{"@type":"ListItem","position":1,"name":"In\u00edcio","item":"https:\/\/amazonia.museujudaicosp.org.br\/en\/home\/"},{"@type":"ListItem","position":2,"name":"Research"}]},{"@type":"WebSite","@id":"https:\/\/amazonia.museujudaicosp.org.br\/en\/#website","url":"https:\/\/amazonia.museujudaicosp.org.br\/en\/","name":"Judeus na Amaz\u00f4nia","description":"Museu Judaico de S\u00e3o Paulo","publisher":{"@id":"https:\/\/amazonia.museujudaicosp.org.br\/en\/#organization"},"alternateName":"Museu Judaico de S\u00e3o Paulo","potentialAction":[{"@type":"SearchAction","target":{"@type":"EntryPoint","urlTemplate":"https:\/\/amazonia.museujudaicosp.org.br\/en\/?s={search_term_string}"},"query-input":{"@type":"PropertyValueSpecification","valueRequired":true,"valueName":"search_term_string"}}],"inLanguage":"en-US"},{"@type":"Organization","@id":"https:\/\/amazonia.museujudaicosp.org.br\/en\/#organization","name":"Museu Judaico de S\u00e3o Paulo","alternateName":"Museu Judaico de S\u00e3o Paulo","url":"https:\/\/amazonia.museujudaicosp.org.br\/en\/","logo":{"@type":"ImageObject","inLanguage":"en-US","@id":"https:\/\/amazonia.museujudaicosp.org.br\/en\/#\/schema\/logo\/image\/","url":"https:\/\/amazonia.museujudaicosp.org.br\/wp-content\/uploads\/2023\/06\/judeusamazonia-1.png","contentUrl":"https:\/\/amazonia.museujudaicosp.org.br\/wp-content\/uploads\/2023\/06\/judeusamazonia-1.png","width":1000,"height":640,"caption":"Museu Judaico de S\u00e3o Paulo"},"image":{"@id":"https:\/\/amazonia.museujudaicosp.org.br\/en\/#\/schema\/logo\/image\/"},"sameAs":["https:\/\/www.facebook.com\/museujudaicosp\/","https:\/\/x.com\/MuseuJudaicoSP","https:\/\/www.youtube.com\/c\/MuseuJudaicodeSoPaulo","https:\/\/www.linkedin.com\/company\/museu-judaico-de-so-paulo\/","https:\/\/www.instagram.com\/museujudaicosp\/"]}]}},"_links":{"self":[{"href":"https:\/\/amazonia.museujudaicosp.org.br\/en\/wp-json\/wp\/v2\/pages\/807","targetHints":{"allow":["GET"]}}],"collection":[{"href":"https:\/\/amazonia.museujudaicosp.org.br\/en\/wp-json\/wp\/v2\/pages"}],"about":[{"href":"https:\/\/amazonia.museujudaicosp.org.br\/en\/wp-json\/wp\/v2\/types\/page"}],"author":[{"embeddable":true,"href":"https:\/\/amazonia.museujudaicosp.org.br\/en\/wp-json\/wp\/v2\/users\/1"}],"replies":[{"embeddable":true,"href":"https:\/\/amazonia.museujudaicosp.org.br\/en\/wp-json\/wp\/v2\/comments?post=807"}],"version-history":[{"count":0,"href":"https:\/\/amazonia.museujudaicosp.org.br\/en\/wp-json\/wp\/v2\/pages\/807\/revisions"}],"wp:attachment":[{"href":"https:\/\/amazonia.museujudaicosp.org.br\/en\/wp-json\/wp\/v2\/media?parent=807"}],"curies":[{"name":"wp","href":"https:\/\/api.w.org\/{rel}","templated":true}]}}