{"id":805,"date":"2016-09-03T12:54:04","date_gmt":"2016-09-03T15:54:04","guid":{"rendered":"https:\/\/amazonia.museujudaicosp.org.br\/home\/"},"modified":"2023-08-22T15:38:56","modified_gmt":"2023-08-22T18:38:56","slug":"home","status":"publish","type":"page","link":"https:\/\/amazonia.museujudaicosp.org.br\/en\/","title":{"rendered":"Home"},"content":{"rendered":"<div class=\"wpb-content-wrapper\">[vc_row thb_full_width=&#8221;true&#8221; thb_column_padding=&#8221;true&#8221; css=&#8221;.vc_custom_1687212130879{padding-top: 45vh !important;}&#8221; el_class=&#8221;align-center&#8221;][vc_column width=&#8221;1\/3&#8243;]\t<div id=\"thb-image-69e4a11e8e21b\" class=\"caption-style1  aligncenter full multiplyimage thb_image_link wp-caption \">\n\t\t\t<div class=\"thb-image-inner size_100\">\n\t\t\t<img loading=\"lazy\" decoding=\"async\" width=\"1500\" height=\"1125\" src=\"https:\/\/amazonia.museujudaicosp.org.br\/wp-content\/uploads\/2023\/06\/BKMAO-60-2.webp\" class=\"thb_image retina_size  thb-ignore-lazyload attachment-full\" alt=\"\" title=\"BKMAO-60-2\" \/>\t\t\t\t\t<\/div>\n\t\t\t\t\t<\/div>\n\t[vc_empty_space mobile_height=&#8221;45px&#8221; height=&#8221;0px&#8221;][\/vc_column][vc_column width=&#8221;2\/3&#8243; css=&#8221;.vc_custom_1687211857766{padding-right: 30px !important;padding-left: 30px !important;}&#8221;][vc_column_text]As the result of a history that sews together the salty waters of the Atlantic and the multiple rivers that cut through the Amazon rainforest, the Jewish community has been present in the region for more than two centuries, establishing a network of transmissions and cultural traditions. Coming especially from the coast of Morocco, but also from places like Cape Verde and the Azores, this migration wave peaked during the rubber cycle (1880-1910), but its echoes unfold in the present through cultural, gastronomic, and linguistic practices.[\/vc_column_text][vc_column_text]Em 2022, o Museu Judaico iniciou uma pesquisa extensiva sobre a presen\u00e7a dos judeus na Amaz\u00f4nia, um processo de constru\u00e7\u00e3o identit\u00e1ria que atravessa geografias e distintas temporalidades. Segundo o antrop\u00f3logo e jornalista F\u00e1bio Zuker, que percorreu seis cidades da regi\u00e3o e coordena essa etapa de escuta:[\/vc_column_text][vc_column_text]\n<blockquote><p><em>As comunidades judaicas encontraram na Amaz\u00f4nia um local para florescer e se transformar. S\u00e3o hist\u00f3rias sobre f\u00e9 e cren\u00e7a \u2013 com um enriquecimento cultural que andou lado a lado \u00e0 prosperidade material, nestes vaiv\u00e9ns pelas \u00e1guas amaz\u00f4nicas e oce\u00e2nicas. Estas s\u00e3o hist\u00f3rias de um juda\u00edsmo amazonizado. Um juda\u00edsmo de um tacac\u00e1 kosher, sem camar\u00e3o, mas com peixes de escama, pimenta de cheiro e muito tucupi. <\/em>(&#8230;)<\/p>\n<p><em>S\u00e3o fragmentos de um juda\u00edsmo antigo e resistente<\/em>.<\/p><\/blockquote>\n[\/vc_column_text][vc_column_text]A partir deste primeiro levantamento, que incluiu entrevistas, visitas a arquivos, cemit\u00e9rios e sinagogas, o projeto se multiplica em a\u00e7\u00f5es e plataformas que se revelam ao longo do tempo:<\/p>\n<p>Entre os dias 24 e 27 de agosto de 2023, o MUJ realizar\u00e1 quatro dias de \u201cJornadas Judaico-Amaz\u00f4nicas\u201d na sede do museu em S\u00e3o Paulo \u2013 um semin\u00e1rio com ativa\u00e7\u00f5es subsequentes em Manaus, Bel\u00e9m do Par\u00e1 e S\u00e3o Lu\u00eds do Maranh\u00e3o.<\/p>\n<p>Aprofundando algumas das discuss\u00f5es e viv\u00eancias surgidas nessa imers\u00e3o, o lan\u00e7amento de uma publica\u00e7\u00e3o impressa est\u00e1 previsto para o segundo semestre, contemplando ensaios de pesquisadores com diferentes abordagens sobre o tema.<\/p>\n<p>Finalmente, nos primeiros meses de 2024, uma exposi\u00e7\u00e3o percorrer\u00e1 o passado, mas tamb\u00e9m o presente e a intera\u00e7\u00e3o entre comunidades na Amaz\u00f4nia Contempor\u00e2nea, propondo um entrela\u00e7amento de narrativas e culturas visuais.<\/p>\n<p>O projeto Judeus na Amaz\u00f4nia \u00e9 apresentado pelo Instituto Cultural Vale e conta com patroc\u00ednio master do Banco Santander.[\/vc_column_text][\/vc_column][\/vc_row][vc_row thb_full_width=&#8221;true&#8221; thb_row_padding=&#8221;true&#8221; thb_column_padding=&#8221;true&#8221; css=&#8221;.vc_custom_1687212165378{background-position: center !important;background-repeat: no-repeat !important;background-size: cover !important;}&#8221;][vc_column css=&#8221;.vc_custom_1686923728010{padding-right: 30px !important;padding-left: 30px !important;}&#8221;][vc_empty_space mobile_height=&#8221;45px&#8221; height=&#8221;120px&#8221;][\/vc_column][\/vc_row][vc_row thb_full_width=&#8221;true&#8221; thb_row_padding=&#8221;true&#8221; thb_column_padding=&#8221;true&#8221; css=&#8221;.vc_custom_1687212124514{padding-bottom: 120px !important;background-position: center !important;background-repeat: no-repeat !important;background-size: cover !important;}&#8221;][vc_column css=&#8221;.vc_custom_1686923728010{padding-right: 30px !important;padding-left: 30px !important;}&#8221;]\t<div id=\"thb-image-69e4a11e8f39b\" class=\"caption-style1  aligncenter full multiplyimage thb_image_link wp-caption \">\n\t\t\t<div class=\"thb-image-inner size_100\">\n\t\t\t<img loading=\"lazy\" decoding=\"async\" width=\"1920\" height=\"1229\" src=\"https:\/\/amazonia.museujudaicosp.org.br\/wp-content\/uploads\/2023\/06\/teatroam.webp\" class=\"thb_image retina_size  thb-ignore-lazyload attachment-full\" alt=\"\" title=\"teatroam\" \/>\t\t\t\t\t<\/div>\n\t\t\t\t\t<\/div>\n\t[\/vc_column][\/vc_row]\n<\/div>","protected":false},"excerpt":{"rendered":"<p>[vc_row thb_full_width=&#8221;true&#8221; thb_column_padding=&#8221;true&#8221; css=&#8221;.vc_custom_1687212130879{padding-top: 45vh !important;}&#8221; el_class=&#8221;align-center&#8221;][vc_column width=&#8221;1\/3&#8243;][vc_empty_space mobile_height=&#8221;45px&#8221; height=&#8221;0px&#8221;][\/vc_column][vc_column width=&#8221;2\/3&#8243; css=&#8221;.vc_custom_1687211857766{padding-right: 30px !important;padding-left: 30px !important;}&#8221;][vc_column_text]As the result of a history that sews together the salty waters of the Atlantic and the multiple rivers that cut through the Amazon rainforest, the Jewish community has been present in the region for more than two centuries, establishing&hellip;<\/p>\n","protected":false},"author":1,"featured_media":0,"parent":0,"menu_order":0,"comment_status":"closed","ping_status":"closed","template":"","meta":{"footnotes":""},"class_list":["post-805","page","type-page","status-publish","hentry"],"yoast_head":"<!-- This site is optimized with the Yoast SEO plugin v26.4 - https:\/\/yoast.com\/wordpress\/plugins\/seo\/ -->\n<title>Jewish-Amazonian - Museu Judaico de S\u00e3o Paulo<\/title>\n<meta name=\"description\" content=\"Fruto de uma hist\u00f3ria que costura as \u00e1guas salgadas do Atl\u00e2ntico e a dos m\u00faltiplos rios que entrecortam a floresta Amaz\u00f4nica...\" \/>\n<meta name=\"robots\" content=\"index, follow, max-snippet:-1, max-image-preview:large, max-video-preview:-1\" \/>\n<link rel=\"canonical\" href=\"https:\/\/amazonia.museujudaicosp.org.br\/en\/\" \/>\n<meta property=\"og:locale\" content=\"en_US\" \/>\n<meta property=\"og:type\" content=\"article\" \/>\n<meta property=\"og:title\" content=\"Judeus na Amaz\u00f4nia\" \/>\n<meta property=\"og:description\" content=\"Fruto de uma hist\u00f3ria que costura as \u00e1guas salgadas do Atl\u00e2ntico e a dos m\u00faltiplos rios que entrecortam a floresta Amaz\u00f4nica, a comunidade judaica se faz presente na regi\u00e3o h\u00e1 mais de dois s\u00e9culos, estabelecendo uma teia de transmiss\u00f5es e tradi\u00e7\u00f5es culturais.\" \/>\n<meta property=\"og:url\" content=\"https:\/\/amazonia.museujudaicosp.org.br\/en\/\" \/>\n<meta property=\"og:site_name\" content=\"Judeus na Amaz\u00f4nia\" \/>\n<meta property=\"article:publisher\" content=\"https:\/\/www.facebook.com\/museujudaicosp\/\" \/>\n<meta property=\"article:modified_time\" content=\"2023-08-22T18:38:56+00:00\" \/>\n<meta property=\"og:image\" content=\"https:\/\/amazonia.museujudaicosp.org.br\/wp-content\/uploads\/2023\/06\/BKMAO-60-2.webp\" \/>\n\t<meta property=\"og:image:width\" content=\"1500\" \/>\n\t<meta property=\"og:image:height\" content=\"1125\" \/>\n\t<meta property=\"og:image:type\" content=\"image\/webp\" \/>\n<meta name=\"twitter:card\" content=\"summary_large_image\" \/>\n<meta name=\"twitter:title\" content=\"Judeus na Amaz\u00f4nia\" \/>\n<meta name=\"twitter:description\" content=\"Fruto de uma hist\u00f3ria que costura as \u00e1guas salgadas do Atl\u00e2ntico e a dos m\u00faltiplos rios que entrecortam a floresta Amaz\u00f4nica, a comunidade judaica se faz presente na regi\u00e3o h\u00e1 mais de dois s\u00e9culos, estabelecendo uma teia de transmiss\u00f5es e tradi\u00e7\u00f5es culturais.\" \/>\n<meta name=\"twitter:image\" content=\"https:\/\/amazonia.museujudaicosp.org.br\/wp-content\/uploads\/2023\/06\/BKMAO-60.webp\" \/>\n<meta name=\"twitter:site\" content=\"@MuseuJudaicoSP\" \/>\n<meta name=\"twitter:label1\" content=\"Est. reading time\" \/>\n\t<meta name=\"twitter:data1\" content=\"2 minutes\" \/>\n<script type=\"application\/ld+json\" class=\"yoast-schema-graph\">{\"@context\":\"https:\/\/schema.org\",\"@graph\":[{\"@type\":\"WebPage\",\"@id\":\"https:\/\/amazonia.museujudaicosp.org.br\/en\/\",\"url\":\"https:\/\/amazonia.museujudaicosp.org.br\/en\/\",\"name\":\"Jewish-Amazonian - Museu Judaico de S\u00e3o Paulo\",\"isPartOf\":{\"@id\":\"https:\/\/amazonia.museujudaicosp.org.br\/en\/#website\"},\"datePublished\":\"2016-09-03T15:54:04+00:00\",\"dateModified\":\"2023-08-22T18:38:56+00:00\",\"description\":\"Fruto de uma hist\u00f3ria que costura as \u00e1guas salgadas do Atl\u00e2ntico e a dos m\u00faltiplos rios que entrecortam a floresta Amaz\u00f4nica...\",\"breadcrumb\":{\"@id\":\"https:\/\/amazonia.museujudaicosp.org.br\/en\/#breadcrumb\"},\"inLanguage\":\"en-US\",\"potentialAction\":[{\"@type\":\"ReadAction\",\"target\":[\"https:\/\/amazonia.museujudaicosp.org.br\/en\/\"]}]},{\"@type\":\"BreadcrumbList\",\"@id\":\"https:\/\/amazonia.museujudaicosp.org.br\/en\/#breadcrumb\",\"itemListElement\":[{\"@type\":\"ListItem\",\"position\":1,\"name\":\"In\u00edcio\",\"item\":\"https:\/\/amazonia.museujudaicosp.org.br\/en\/home\/\"},{\"@type\":\"ListItem\",\"position\":2,\"name\":\"Home\"}]},{\"@type\":\"WebSite\",\"@id\":\"https:\/\/amazonia.museujudaicosp.org.br\/en\/#website\",\"url\":\"https:\/\/amazonia.museujudaicosp.org.br\/en\/\",\"name\":\"Judeus na Amaz\u00f4nia\",\"description\":\"Museu Judaico de S\u00e3o Paulo\",\"publisher\":{\"@id\":\"https:\/\/amazonia.museujudaicosp.org.br\/en\/#organization\"},\"alternateName\":\"Museu Judaico de S\u00e3o Paulo\",\"potentialAction\":[{\"@type\":\"SearchAction\",\"target\":{\"@type\":\"EntryPoint\",\"urlTemplate\":\"https:\/\/amazonia.museujudaicosp.org.br\/en\/?s={search_term_string}\"},\"query-input\":{\"@type\":\"PropertyValueSpecification\",\"valueRequired\":true,\"valueName\":\"search_term_string\"}}],\"inLanguage\":\"en-US\"},{\"@type\":\"Organization\",\"@id\":\"https:\/\/amazonia.museujudaicosp.org.br\/en\/#organization\",\"name\":\"Museu Judaico de S\u00e3o Paulo\",\"alternateName\":\"Museu Judaico de S\u00e3o Paulo\",\"url\":\"https:\/\/amazonia.museujudaicosp.org.br\/en\/\",\"logo\":{\"@type\":\"ImageObject\",\"inLanguage\":\"en-US\",\"@id\":\"https:\/\/amazonia.museujudaicosp.org.br\/en\/#\/schema\/logo\/image\/\",\"url\":\"https:\/\/amazonia.museujudaicosp.org.br\/wp-content\/uploads\/2023\/06\/judeusamazonia-1.png\",\"contentUrl\":\"https:\/\/amazonia.museujudaicosp.org.br\/wp-content\/uploads\/2023\/06\/judeusamazonia-1.png\",\"width\":1000,\"height\":640,\"caption\":\"Museu Judaico de S\u00e3o Paulo\"},\"image\":{\"@id\":\"https:\/\/amazonia.museujudaicosp.org.br\/en\/#\/schema\/logo\/image\/\"},\"sameAs\":[\"https:\/\/www.facebook.com\/museujudaicosp\/\",\"https:\/\/x.com\/MuseuJudaicoSP\",\"https:\/\/www.youtube.com\/c\/MuseuJudaicodeSoPaulo\",\"https:\/\/www.linkedin.com\/company\/museu-judaico-de-so-paulo\/\",\"https:\/\/www.instagram.com\/museujudaicosp\/\"]}]}<\/script>\n<!-- \/ Yoast SEO plugin. -->","yoast_head_json":{"title":"Jewish-Amazonian - Museu Judaico de S\u00e3o Paulo","description":"Fruto de uma hist\u00f3ria que costura as \u00e1guas salgadas do Atl\u00e2ntico e a dos m\u00faltiplos rios que entrecortam a floresta Amaz\u00f4nica...","robots":{"index":"index","follow":"follow","max-snippet":"max-snippet:-1","max-image-preview":"max-image-preview:large","max-video-preview":"max-video-preview:-1"},"canonical":"https:\/\/amazonia.museujudaicosp.org.br\/en\/","og_locale":"en_US","og_type":"article","og_title":"Judeus na Amaz\u00f4nia","og_description":"Fruto de uma hist\u00f3ria que costura as \u00e1guas salgadas do Atl\u00e2ntico e a dos m\u00faltiplos rios que entrecortam a floresta Amaz\u00f4nica, a comunidade judaica se faz presente na regi\u00e3o h\u00e1 mais de dois s\u00e9culos, estabelecendo uma teia de transmiss\u00f5es e tradi\u00e7\u00f5es culturais.","og_url":"https:\/\/amazonia.museujudaicosp.org.br\/en\/","og_site_name":"Judeus na Amaz\u00f4nia","article_publisher":"https:\/\/www.facebook.com\/museujudaicosp\/","article_modified_time":"2023-08-22T18:38:56+00:00","og_image":[{"width":1500,"height":1125,"url":"https:\/\/amazonia.museujudaicosp.org.br\/wp-content\/uploads\/2023\/06\/BKMAO-60-2.webp","type":"image\/webp"}],"twitter_card":"summary_large_image","twitter_title":"Judeus na Amaz\u00f4nia","twitter_description":"Fruto de uma hist\u00f3ria que costura as \u00e1guas salgadas do Atl\u00e2ntico e a dos m\u00faltiplos rios que entrecortam a floresta Amaz\u00f4nica, a comunidade judaica se faz presente na regi\u00e3o h\u00e1 mais de dois s\u00e9culos, estabelecendo uma teia de transmiss\u00f5es e tradi\u00e7\u00f5es culturais.","twitter_image":"https:\/\/amazonia.museujudaicosp.org.br\/wp-content\/uploads\/2023\/06\/BKMAO-60.webp","twitter_site":"@MuseuJudaicoSP","twitter_misc":{"Est. reading time":"2 minutes"},"schema":{"@context":"https:\/\/schema.org","@graph":[{"@type":"WebPage","@id":"https:\/\/amazonia.museujudaicosp.org.br\/en\/","url":"https:\/\/amazonia.museujudaicosp.org.br\/en\/","name":"Jewish-Amazonian - Museu Judaico de S\u00e3o Paulo","isPartOf":{"@id":"https:\/\/amazonia.museujudaicosp.org.br\/en\/#website"},"datePublished":"2016-09-03T15:54:04+00:00","dateModified":"2023-08-22T18:38:56+00:00","description":"Fruto de uma hist\u00f3ria que costura as \u00e1guas salgadas do Atl\u00e2ntico e a dos m\u00faltiplos rios que entrecortam a floresta Amaz\u00f4nica...","breadcrumb":{"@id":"https:\/\/amazonia.museujudaicosp.org.br\/en\/#breadcrumb"},"inLanguage":"en-US","potentialAction":[{"@type":"ReadAction","target":["https:\/\/amazonia.museujudaicosp.org.br\/en\/"]}]},{"@type":"BreadcrumbList","@id":"https:\/\/amazonia.museujudaicosp.org.br\/en\/#breadcrumb","itemListElement":[{"@type":"ListItem","position":1,"name":"In\u00edcio","item":"https:\/\/amazonia.museujudaicosp.org.br\/en\/home\/"},{"@type":"ListItem","position":2,"name":"Home"}]},{"@type":"WebSite","@id":"https:\/\/amazonia.museujudaicosp.org.br\/en\/#website","url":"https:\/\/amazonia.museujudaicosp.org.br\/en\/","name":"Judeus na Amaz\u00f4nia","description":"Museu Judaico de S\u00e3o Paulo","publisher":{"@id":"https:\/\/amazonia.museujudaicosp.org.br\/en\/#organization"},"alternateName":"Museu Judaico de S\u00e3o Paulo","potentialAction":[{"@type":"SearchAction","target":{"@type":"EntryPoint","urlTemplate":"https:\/\/amazonia.museujudaicosp.org.br\/en\/?s={search_term_string}"},"query-input":{"@type":"PropertyValueSpecification","valueRequired":true,"valueName":"search_term_string"}}],"inLanguage":"en-US"},{"@type":"Organization","@id":"https:\/\/amazonia.museujudaicosp.org.br\/en\/#organization","name":"Museu Judaico de S\u00e3o Paulo","alternateName":"Museu Judaico de S\u00e3o Paulo","url":"https:\/\/amazonia.museujudaicosp.org.br\/en\/","logo":{"@type":"ImageObject","inLanguage":"en-US","@id":"https:\/\/amazonia.museujudaicosp.org.br\/en\/#\/schema\/logo\/image\/","url":"https:\/\/amazonia.museujudaicosp.org.br\/wp-content\/uploads\/2023\/06\/judeusamazonia-1.png","contentUrl":"https:\/\/amazonia.museujudaicosp.org.br\/wp-content\/uploads\/2023\/06\/judeusamazonia-1.png","width":1000,"height":640,"caption":"Museu Judaico de S\u00e3o Paulo"},"image":{"@id":"https:\/\/amazonia.museujudaicosp.org.br\/en\/#\/schema\/logo\/image\/"},"sameAs":["https:\/\/www.facebook.com\/museujudaicosp\/","https:\/\/x.com\/MuseuJudaicoSP","https:\/\/www.youtube.com\/c\/MuseuJudaicodeSoPaulo","https:\/\/www.linkedin.com\/company\/museu-judaico-de-so-paulo\/","https:\/\/www.instagram.com\/museujudaicosp\/"]}]}},"_links":{"self":[{"href":"https:\/\/amazonia.museujudaicosp.org.br\/en\/wp-json\/wp\/v2\/pages\/805","targetHints":{"allow":["GET"]}}],"collection":[{"href":"https:\/\/amazonia.museujudaicosp.org.br\/en\/wp-json\/wp\/v2\/pages"}],"about":[{"href":"https:\/\/amazonia.museujudaicosp.org.br\/en\/wp-json\/wp\/v2\/types\/page"}],"author":[{"embeddable":true,"href":"https:\/\/amazonia.museujudaicosp.org.br\/en\/wp-json\/wp\/v2\/users\/1"}],"replies":[{"embeddable":true,"href":"https:\/\/amazonia.museujudaicosp.org.br\/en\/wp-json\/wp\/v2\/comments?post=805"}],"version-history":[{"count":0,"href":"https:\/\/amazonia.museujudaicosp.org.br\/en\/wp-json\/wp\/v2\/pages\/805\/revisions"}],"wp:attachment":[{"href":"https:\/\/amazonia.museujudaicosp.org.br\/en\/wp-json\/wp\/v2\/media?parent=805"}],"curies":[{"name":"wp","href":"https:\/\/api.w.org\/{rel}","templated":true}]}}